{"id":107,"date":"2013-02-28T21:07:34","date_gmt":"2013-02-28T21:07:34","guid":{"rendered":"http:\/\/sandraprata.com.br\/advocacia\/?page_id=107"},"modified":"2019-12-03T13:32:08","modified_gmt":"2019-12-03T13:32:08","slug":"direito-empresarial","status":"publish","type":"page","link":"https:\/\/sandraprata.com.br\/advogados\/about\/direito-empresarial\/","title":{"rendered":"Direito Empresarial"},"content":{"rendered":"<p style=\"text-align: justify;\"><img loading=\"lazy\" decoding=\"async\" class=\"alignleft wp-image-539 size-thumbnail\" src=\"https:\/\/sandraprata.com.br\/advogados\/wp-content\/uploads\/2019\/12\/image01-150x150.jpg\" alt=\"\" width=\"150\" height=\"150\" \/>Temos ampla experi\u00eancia nos servi\u00e7os espec\u00edficos de consultoria e atua\u00e7\u00e3o jur\u00eddica empresarial, Direito empresarial, abrangendo a\u00e7\u00f5es e procedimentos relacionados a atividade negocial ou comercial de empresas e terceiro setor, sobretudo atendendo demandas de pessoas jur\u00eddica, estabelecidas ou n\u00e3o na Cidade de Petr\u00f3polis, visando contribuir para estabelecer ou manter uma rela\u00e7\u00e3o harm\u00f4nica das empresas no contexto comercial no qual est\u00e3o inseridas ou atuando em contendas ou processos relacionados a sociedades empresarias, an\u00e1lise de contratos comerciais, sobretudo abrangendo propriedade intelectual, dentre outras.<\/p>\n<hr \/>\n<p>Telefone: (24) 2237-8963 |\u00a0Email: <a title=\"advocacia@sandraprata.com.br\" href=\"mailto:advocacia@sandraprata.com.br\">advocacia@sandraprata.com.br<\/a> | \u00a0|\u00a0<a title=\"Contatos\" href=\"https:\/\/sandraprata.com.br\/advogados\/contatos\/\">Contatos pelo site<\/a><\/p>\n<hr \/>\n","protected":false},"excerpt":{"rendered":"<p>Temos ampla experi\u00eancia nos servi\u00e7os espec\u00edficos de consultoria e atua\u00e7\u00e3o jur\u00eddica empresarial, Direito empresarial, abrangendo a\u00e7\u00f5es e procedimentos relacionados a atividade negocial ou comercial de empresas e terceiro setor, sobretudo <a class=\"more-link\" href=\"https:\/\/sandraprata.com.br\/advogados\/about\/direito-empresarial\/\">Ler mais \u2192<\/a><\/p>\n","protected":false},"author":1,"featured_media":0,"parent":414,"menu_order":2,"comment_status":"closed","ping_status":"closed","template":"","meta":{"footnotes":""},"class_list":["post-107","page","type-page","status-publish","hentry"],"_links":{"self":[{"href":"https:\/\/sandraprata.com.br\/advogados\/wp-json\/wp\/v2\/pages\/107"}],"collection":[{"href":"https:\/\/sandraprata.com.br\/advogados\/wp-json\/wp\/v2\/pages"}],"about":[{"href":"https:\/\/sandraprata.com.br\/advogados\/wp-json\/wp\/v2\/types\/page"}],"author":[{"embeddable":true,"href":"https:\/\/sandraprata.com.br\/advogados\/wp-json\/wp\/v2\/users\/1"}],"replies":[{"embeddable":true,"href":"https:\/\/sandraprata.com.br\/advogados\/wp-json\/wp\/v2\/comments?post=107"}],"version-history":[{"count":3,"href":"https:\/\/sandraprata.com.br\/advogados\/wp-json\/wp\/v2\/pages\/107\/revisions"}],"predecessor-version":[{"id":543,"href":"https:\/\/sandraprata.com.br\/advogados\/wp-json\/wp\/v2\/pages\/107\/revisions\/543"}],"up":[{"embeddable":true,"href":"https:\/\/sandraprata.com.br\/advogados\/wp-json\/wp\/v2\/pages\/414"}],"wp:attachment":[{"href":"https:\/\/sandraprata.com.br\/advogados\/wp-json\/wp\/v2\/media?parent=107"}],"curies":[{"name":"wp","href":"https:\/\/api.w.org\/{rel}","templated":true}]}}