{"id":110,"date":"2013-02-28T21:08:30","date_gmt":"2013-02-28T21:08:30","guid":{"rendered":"http:\/\/sandraprata.com.br\/advocacia\/?page_id=110"},"modified":"2019-12-03T13:32:55","modified_gmt":"2019-12-03T13:32:55","slug":"direito-de-familia","status":"publish","type":"page","link":"https:\/\/sandraprata.com.br\/advogados\/about\/direito-de-familia\/","title":{"rendered":"Direito de Fam\u00edlia"},"content":{"rendered":"<p style=\"text-align: justify;\"><img loading=\"lazy\" decoding=\"async\" class=\"alignleft wp-image-539 size-thumbnail\" src=\"https:\/\/sandraprata.com.br\/advogados\/wp-content\/uploads\/2019\/12\/image01-150x150.jpg\" alt=\"\" width=\"150\" height=\"150\" \/>Atuamos com consultoria e procedimentos jur\u00eddicos efetivos em quest\u00f5es referentes ao casamento e seus efeitos, incluindo neste universo:<br \/>\n&#8211; Regime de bens, \u00a0quest\u00f5es patrimoniais, direitos e deveres dos pares e demais conseq\u00fc\u00eancias jur\u00eddicas envolvidas nesta rela\u00e7\u00e3o, especialmente a\u00e7\u00f5es de propositura, impugna\u00e7\u00e3o e ou acompanhamento de separa\u00e7\u00e3o e div\u00f3rcio &#8211; consensuais ou litigiosos, guarda de filhos menores e regulamenta\u00e7\u00e3o do regime de visitas, pens\u00f5es aliment\u00edcias ou partilhas patrimoniais;<br \/>\n&#8211; Procedimentos para efeito de convers\u00e3o de separa\u00e7\u00e3o judicial em div\u00f3rcio, visando tornar poss\u00edvel aos ex-c\u00f4njuges contra\u00edrem novos matrim\u00f4nios se assim o desejarem;<br \/>\n&#8211; Propositura, impugna\u00e7\u00e3o e acompanhamento de tr\u00e2mites relacionados a separa\u00e7\u00e3o de corpos ou afastamento tempor\u00e1rio de um dos c\u00f4njuges da resid\u00eancia do casal;<br \/>\nAtua\u00e7\u00e3o em quest\u00f5es relativas \u00e0 uni\u00e3o est\u00e1vel e seus efeitos, sob o aspecto sucess\u00f3rio e patrimonial, oriundo de relacionamentos entre pessoas do mesmo sexo, que venham a envolver o\u00a0reconhecimento \u00a0ou dissolu\u00e7\u00e3o de sociedade de fato entre companheiros que implique a respectiva partilha dos bens;<br \/>\n&#8211; Procedimentos de a\u00e7\u00f5es de investiga\u00e7\u00e3o de paternidade;<br \/>\n&#8211;\u00a0Consultoria em assuntos relacionados a emancipa\u00e7\u00e3o, ado\u00e7\u00e3o, guarda, tutela e demais demandas referentes a \u00a0prote\u00e7\u00e3o de menores;<br \/>\n&#8211; Assessoria para quest\u00f5es de interdi\u00e7\u00e3o de incapazes;<br \/>\nPropositura, impugna\u00e7\u00e3o e acompanhamento de a\u00e7\u00f5es relativas \u00e0 sucess\u00e3o, relacionada a invent\u00e1rios e arrolamentos, altera\u00e7\u00e3o ou anula\u00e7\u00e3o de testamentos.<br \/>\nDentre outros assuntos pertinentes ao direito de fam\u00edlia.<\/p>\n<hr \/>\n<p>Telefone: (24) 2237-8963 |\u00a0Email: <a title=\"advocacia@sandraprata.com.br\" href=\"mailto:advocacia@sandraprata.com.br\">advocacia@sandraprata.com.br<\/a> | \u00a0|\u00a0<a title=\"Contatos\" href=\"https:\/\/sandraprata.com.br\/advogados\/contatos\/\">Contatos pelo site<\/a><\/p>\n<hr \/>\n","protected":false},"excerpt":{"rendered":"<p>Atuamos com consultoria e procedimentos jur\u00eddicos efetivos em quest\u00f5es referentes ao casamento e seus efeitos, incluindo neste universo: &#8211; Regime de bens, \u00a0quest\u00f5es patrimoniais, direitos e deveres dos pares e <a class=\"more-link\" href=\"https:\/\/sandraprata.com.br\/advogados\/about\/direito-de-familia\/\">Ler mais \u2192<\/a><\/p>\n","protected":false},"author":1,"featured_media":0,"parent":414,"menu_order":5,"comment_status":"closed","ping_status":"closed","template":"","meta":{"footnotes":""},"class_list":["post-110","page","type-page","status-publish","hentry"],"_links":{"self":[{"href":"https:\/\/sandraprata.com.br\/advogados\/wp-json\/wp\/v2\/pages\/110"}],"collection":[{"href":"https:\/\/sandraprata.com.br\/advogados\/wp-json\/wp\/v2\/pages"}],"about":[{"href":"https:\/\/sandraprata.com.br\/advogados\/wp-json\/wp\/v2\/types\/page"}],"author":[{"embeddable":true,"href":"https:\/\/sandraprata.com.br\/advogados\/wp-json\/wp\/v2\/users\/1"}],"replies":[{"embeddable":true,"href":"https:\/\/sandraprata.com.br\/advogados\/wp-json\/wp\/v2\/comments?post=110"}],"version-history":[{"count":3,"href":"https:\/\/sandraprata.com.br\/advogados\/wp-json\/wp\/v2\/pages\/110\/revisions"}],"predecessor-version":[{"id":544,"href":"https:\/\/sandraprata.com.br\/advogados\/wp-json\/wp\/v2\/pages\/110\/revisions\/544"}],"up":[{"embeddable":true,"href":"https:\/\/sandraprata.com.br\/advogados\/wp-json\/wp\/v2\/pages\/414"}],"wp:attachment":[{"href":"https:\/\/sandraprata.com.br\/advogados\/wp-json\/wp\/v2\/media?parent=110"}],"curies":[{"name":"wp","href":"https:\/\/api.w.org\/{rel}","templated":true}]}}