{"id":19,"date":"2013-02-27T23:32:15","date_gmt":"2013-02-27T23:32:15","guid":{"rendered":"http:\/\/sandraprata.com.br\/advocacia\/?page_id=19"},"modified":"2023-06-21T23:32:45","modified_gmt":"2023-06-21T23:32:45","slug":"valores","status":"publish","type":"page","link":"https:\/\/sandraprata.com.br\/advogados\/valores\/","title":{"rendered":"Sobre n\u00f3s"},"content":{"rendered":"<p style=\"text-align: justify;\">Bem vindo ao site <strong>Sandra Prata Advocacia<\/strong>. Atuando no meio jur\u00eddico desde 1997, a advogada <a title=\"advocacia@sandraprata.com.br\" href=\"mailto:advocacia@sandraprata.com.br\" target=\"_blank\" rel=\"noopener noreferrer\"><strong>Sandra Prata<\/strong><\/a> tem atua\u00e7\u00e3o reconhecida por reunir compet\u00eancia, experi\u00eancia e celeridade, disponibilizando esfor\u00e7os e recursos para o atendimento eficaz nas diversas \u00e1reas do direito em que atua, especialmente contemplando a\u00e7\u00f5es de Responsabilidade Civil, Direito Empresarial, Invent\u00e1rios, Sucess\u00f5es, Direito Trabalhista, Fam\u00edlia, Consumidor, Dano Moral e Material, Juizados, dentre outros.<\/p>\n<p style=\"text-align: justify;\">Um grande diferencial \u00e9 a advocacia preventiva, assessorando seus clientes atrav\u00e9s de a\u00e7\u00f5es simples e pontuais, visando evitar ou mesmo minimizar preju\u00edzos em futuras demandas judiciais, agregando atendimento personalizado a metodologias jur\u00eddicas constantemente atualizadas, objetivando assegurar a justi\u00e7a em suas mais diversas manifesta\u00e7\u00f5es.<\/p>\n<hr \/>\n<h2><strong>Valores<\/strong><\/h2>\n<p style=\"text-align: justify;\">Com atua\u00e7\u00e3o no setor jur\u00eddico desde 1997, o escrit\u00f3rio <strong>Sandra Prata Advocacia<\/strong> agrega em seu curr\u00edculo experi\u00eancia e conhecimento espec\u00edfico em pr\u00e1ticas jur\u00eddicas aplicadas a cada uma das \u00e1reas de direito que se prop\u00f5e, tecendo os valores distintos que caracterizam o Escrit\u00f3rio de Advocacia Sandra Prata. A reuni\u00e3o de esfor\u00e7os e conhecimento somados a comprometimento, \u00e9tica e celeridade, comp\u00f5e um diferencial percebido por cada cliente, consolidando um patrim\u00f4nio intang\u00edvel e verdadeiro, que transmuta o exerc\u00edcio profissional em uma din\u00e2mica leg\u00edtima capaz de agregar cidadania e direito pleno, na busca di\u00e1ria e incans\u00e1vel por justi\u00e7a, em toda a sua grandeza.<\/p>\n<hr \/>\n<h2><strong>Miss\u00e3o<\/strong><\/h2>\n<p style=\"text-align: justify;\">Atuar com dedica\u00e7\u00e3o, seriedade, comprometimento, primando sempre pela busca da justi\u00e7a, pautado em valores como \u00e9tica, responsabilidade e transpar\u00eancia, visando assegurar satisfa\u00e7\u00e3o do cliente n\u00e3o s\u00f3 nos resultados com as demandas, mas, sobretudo pelo tratamento de excel\u00eancia, pessoalidade e aten\u00e7\u00e3o que buscamos proporcionar a cada cliente, adequando nosso conhecimento \u00e0s reais necessidades de cada um, \u00e9 a verdadeira miss\u00e3o do Escrit\u00f3rio <strong>Sandra Prata Advocacia.<\/strong><\/p>\n<hr \/>\n<p>Telefone: (24) 2237-8963 |\u00a0Email: <a title=\"advocacia@sandraprata.com.br\" href=\"mailto:advocacia@sandraprata.com.br\">advocacia@sandraprata.com.br<\/a> | \u00a0|<\/p>\n","protected":false},"excerpt":{"rendered":"<p>Bem vindo ao site Sandra Prata Advocacia. Atuando no meio jur\u00eddico desde 1997, a advogada Sandra Prata tem atua\u00e7\u00e3o reconhecida por reunir compet\u00eancia, experi\u00eancia e celeridade, disponibilizando esfor\u00e7os e recursos <a class=\"more-link\" href=\"https:\/\/sandraprata.com.br\/advogados\/valores\/\">Ler mais \u2192<\/a><\/p>\n","protected":false},"author":1,"featured_media":0,"parent":0,"menu_order":3,"comment_status":"closed","ping_status":"closed","template":"","meta":{"footnotes":""},"class_list":["post-19","page","type-page","status-publish","hentry"],"_links":{"self":[{"href":"https:\/\/sandraprata.com.br\/advogados\/wp-json\/wp\/v2\/pages\/19"}],"collection":[{"href":"https:\/\/sandraprata.com.br\/advogados\/wp-json\/wp\/v2\/pages"}],"about":[{"href":"https:\/\/sandraprata.com.br\/advogados\/wp-json\/wp\/v2\/types\/page"}],"author":[{"embeddable":true,"href":"https:\/\/sandraprata.com.br\/advogados\/wp-json\/wp\/v2\/users\/1"}],"replies":[{"embeddable":true,"href":"https:\/\/sandraprata.com.br\/advogados\/wp-json\/wp\/v2\/comments?post=19"}],"version-history":[{"count":10,"href":"https:\/\/sandraprata.com.br\/advogados\/wp-json\/wp\/v2\/pages\/19\/revisions"}],"predecessor-version":[{"id":556,"href":"https:\/\/sandraprata.com.br\/advogados\/wp-json\/wp\/v2\/pages\/19\/revisions\/556"}],"wp:attachment":[{"href":"https:\/\/sandraprata.com.br\/advogados\/wp-json\/wp\/v2\/media?parent=19"}],"curies":[{"name":"wp","href":"https:\/\/api.w.org\/{rel}","templated":true}]}}