{"id":30,"date":"2013-02-28T10:38:32","date_gmt":"2013-02-28T10:38:32","guid":{"rendered":"http:\/\/sandraprata.com.br\/advocacia\/?page_id=30"},"modified":"2015-01-08T21:43:09","modified_gmt":"2015-01-08T21:43:09","slug":"civil","status":"publish","type":"page","link":"https:\/\/sandraprata.com.br\/advogados\/about\/civil\/","title":{"rendered":"Direito Civil"},"content":{"rendered":"<p style=\"text-align: justify;\"><a href=\"https:\/\/sandraprata.com.br\/advogados\/wp-content\/uploads\/2013\/06\/portfolio_civil.jpg\"><img loading=\"lazy\" decoding=\"async\" class=\"alignleft size-thumbnail wp-image-194\" src=\"https:\/\/sandraprata.com.br\/advogados\/wp-content\/uploads\/2013\/06\/portfolio_civil-150x150.jpg\" alt=\"Direito Civil\" width=\"150\" height=\"150\" \/><\/a>Uma das especialidades do Escrit\u00f3rio Sandra Prata Advocacia \u00e9 a atua\u00e7\u00e3o em a\u00e7\u00f5es e consultorias envolvendo Direito Civil, especialmente contemplando a\u00e7\u00f5es de responsabilidade civil e a\u00e7\u00f5es relativas a rela\u00e7\u00f5es de consumo, Direito de Fam\u00edlia e Sucess\u00f5es, com foco em:<br \/>\n&#8211; A\u00e7\u00f5es de Alimentos, incluindo execu\u00e7\u00f5es, revis\u00f5es ou altera\u00e7\u00f5es;<br \/>\n&#8211; A\u00e7\u00f5es relativas \u00e0 Guarda;<br \/>\n&#8211; A\u00e7\u00f5es pertinentes a Investiga\u00e7\u00e3o de Paternidade e Maternidade;<br \/>\n&#8211; A\u00e7\u00e3o de Regulamenta\u00e7\u00e3o do Direito de Visitas;<br \/>\n-Div\u00f3rcios em \u00e2mbitos judicial ou consensual;<br \/>\n&#8211; Partilhas Familiares;<br \/>\n&#8211; A\u00e7\u00f5es Cautelares;<br \/>\n&#8211; Interdi\u00e7\u00f5es, Tutelas e Curatelas;<br \/>\n&#8211; Invent\u00e1rios.<\/p>\n<hr>\n<p>Telefone: (24) 2237-8963 |\u00a0Email: <a title=\"advocacia@sandraprata.com.br\" href=\"mailto:advocacia@sandraprata.com.br\">advocacia@sandraprata.com.br<\/a> | \u00a0|\u00a0<a title=\"Contatos\" href=\"https:\/\/sandraprata.com.br\/advogados\/contatos\/\">Contatos pelo site<\/a><\/p>\n<hr>\n","protected":false},"excerpt":{"rendered":"<p>Uma das especialidades do Escrit\u00f3rio Sandra Prata Advocacia \u00e9 a atua\u00e7\u00e3o em a\u00e7\u00f5es e consultorias envolvendo Direito Civil, especialmente contemplando a\u00e7\u00f5es de responsabilidade civil e a\u00e7\u00f5es relativas a rela\u00e7\u00f5es de <a class=\"more-link\" href=\"https:\/\/sandraprata.com.br\/advogados\/about\/civil\/\">Ler mais \u2192<\/a><\/p>\n","protected":false},"author":1,"featured_media":0,"parent":414,"menu_order":0,"comment_status":"closed","ping_status":"closed","template":"","meta":{"footnotes":""},"class_list":["post-30","page","type-page","status-publish","hentry"],"_links":{"self":[{"href":"https:\/\/sandraprata.com.br\/advogados\/wp-json\/wp\/v2\/pages\/30"}],"collection":[{"href":"https:\/\/sandraprata.com.br\/advogados\/wp-json\/wp\/v2\/pages"}],"about":[{"href":"https:\/\/sandraprata.com.br\/advogados\/wp-json\/wp\/v2\/types\/page"}],"author":[{"embeddable":true,"href":"https:\/\/sandraprata.com.br\/advogados\/wp-json\/wp\/v2\/users\/1"}],"replies":[{"embeddable":true,"href":"https:\/\/sandraprata.com.br\/advogados\/wp-json\/wp\/v2\/comments?post=30"}],"version-history":[{"count":3,"href":"https:\/\/sandraprata.com.br\/advogados\/wp-json\/wp\/v2\/pages\/30\/revisions"}],"predecessor-version":[{"id":482,"href":"https:\/\/sandraprata.com.br\/advogados\/wp-json\/wp\/v2\/pages\/30\/revisions\/482"}],"up":[{"embeddable":true,"href":"https:\/\/sandraprata.com.br\/advogados\/wp-json\/wp\/v2\/pages\/414"}],"wp:attachment":[{"href":"https:\/\/sandraprata.com.br\/advogados\/wp-json\/wp\/v2\/media?parent=30"}],"curies":[{"name":"wp","href":"https:\/\/api.w.org\/{rel}","templated":true}]}}