{"id":32,"date":"2013-02-28T10:38:57","date_gmt":"2013-02-28T10:38:57","guid":{"rendered":"http:\/\/sandraprata.com.br\/advocacia\/?page_id=32"},"modified":"2019-12-03T13:34:09","modified_gmt":"2019-12-03T13:34:09","slug":"tributario","status":"publish","type":"page","link":"https:\/\/sandraprata.com.br\/advogados\/about\/tributario\/","title":{"rendered":"Direito Tribut\u00e1rio"},"content":{"rendered":"<p style=\"text-align: justify;\"><img loading=\"lazy\" decoding=\"async\" class=\"alignleft wp-image-545 size-medium\" src=\"https:\/\/sandraprata.com.br\/advogados\/wp-content\/uploads\/2019\/12\/image02-300x225.jpg\" alt=\"\" width=\"300\" height=\"225\" srcset=\"https:\/\/sandraprata.com.br\/advogados\/wp-content\/uploads\/2019\/12\/image02-300x225.jpg 300w, https:\/\/sandraprata.com.br\/advogados\/wp-content\/uploads\/2019\/12\/image02-768x576.jpg 768w, https:\/\/sandraprata.com.br\/advogados\/wp-content\/uploads\/2019\/12\/image02.jpg 800w\" sizes=\"(max-width: 300px) 100vw, 300px\" \/>O <strong>Escrit\u00f3rio Sandra Prata<\/strong> disponibiliza uma gama variada de servi\u00e7os e atua\u00e7\u00f5es na \u00e1rea fiscal e tribut\u00e1ria, com servi\u00e7os que abrangem consultorias ou atua\u00e7\u00e3o em a\u00e7\u00f5es contenciosa em todas as inst\u00e2ncias pertinentes a quest\u00f5es que envolvam direito tribut\u00e1rio.<br \/>\nNossos servi\u00e7os incluem ainda a elabora\u00e7\u00e3o de a\u00e7\u00f5es em \u00e2mbitos administrativos, al\u00e9m de atua\u00e7\u00e3o em esfera judicial, ensejando contesta\u00e7\u00f5es de autos de infra\u00e7\u00f5es fiscais ou tribut\u00e1rias que incidam sobre pessoas jur\u00eddicas ou f\u00edsicas.<\/p>\n<hr \/>\n<p>Telefone: (24) 2237-8963 |\u00a0Email: <a title=\"advocacia@sandraprata.com.br\" href=\"mailto:advocacia@sandraprata.com.br\">advocacia@sandraprata.com.br<\/a> | \u00a0|\u00a0<a title=\"Contatos\" href=\"https:\/\/sandraprata.com.br\/advogados\/contatos\/\">Contatos pelo site<\/a><\/p>\n<hr \/>\n","protected":false},"excerpt":{"rendered":"<p>O Escrit\u00f3rio Sandra Prata disponibiliza uma gama variada de servi\u00e7os e atua\u00e7\u00f5es na \u00e1rea fiscal e tribut\u00e1ria, com servi\u00e7os que abrangem consultorias ou atua\u00e7\u00e3o em a\u00e7\u00f5es contenciosa em todas as <a class=\"more-link\" href=\"https:\/\/sandraprata.com.br\/advogados\/about\/tributario\/\">Ler mais \u2192<\/a><\/p>\n","protected":false},"author":1,"featured_media":0,"parent":414,"menu_order":6,"comment_status":"closed","ping_status":"closed","template":"","meta":{"footnotes":""},"class_list":["post-32","page","type-page","status-publish","hentry"],"_links":{"self":[{"href":"https:\/\/sandraprata.com.br\/advogados\/wp-json\/wp\/v2\/pages\/32"}],"collection":[{"href":"https:\/\/sandraprata.com.br\/advogados\/wp-json\/wp\/v2\/pages"}],"about":[{"href":"https:\/\/sandraprata.com.br\/advogados\/wp-json\/wp\/v2\/types\/page"}],"author":[{"embeddable":true,"href":"https:\/\/sandraprata.com.br\/advogados\/wp-json\/wp\/v2\/users\/1"}],"replies":[{"embeddable":true,"href":"https:\/\/sandraprata.com.br\/advogados\/wp-json\/wp\/v2\/comments?post=32"}],"version-history":[{"count":3,"href":"https:\/\/sandraprata.com.br\/advogados\/wp-json\/wp\/v2\/pages\/32\/revisions"}],"predecessor-version":[{"id":546,"href":"https:\/\/sandraprata.com.br\/advogados\/wp-json\/wp\/v2\/pages\/32\/revisions\/546"}],"up":[{"embeddable":true,"href":"https:\/\/sandraprata.com.br\/advogados\/wp-json\/wp\/v2\/pages\/414"}],"wp:attachment":[{"href":"https:\/\/sandraprata.com.br\/advogados\/wp-json\/wp\/v2\/media?parent=32"}],"curies":[{"name":"wp","href":"https:\/\/api.w.org\/{rel}","templated":true}]}}