{"id":35,"date":"2013-02-28T10:39:30","date_gmt":"2013-02-28T10:39:30","guid":{"rendered":"http:\/\/sandraprata.com.br\/advocacia\/?page_id=35"},"modified":"2019-12-03T13:34:58","modified_gmt":"2019-12-03T13:34:58","slug":"administrativo","status":"publish","type":"page","link":"https:\/\/sandraprata.com.br\/advogados\/about\/administrativo\/","title":{"rendered":"Direito Administrativo"},"content":{"rendered":"<p style=\"text-align: justify;\"><img loading=\"lazy\" decoding=\"async\" class=\"alignleft wp-image-389 size-thumbnail\" src=\"https:\/\/sandraprata.com.br\/advogados\/wp-content\/uploads\/2014\/09\/dra_sandra_prata-150x150.jpg\" alt=\"\" width=\"150\" height=\"150\" \/>O Escrit\u00f3rio de Advocacia Sandra Prata atua em processos em esferas administrativas ou judiciais referentes ao direito administrativo, com servi\u00e7os que abrangem assessoria , inclusive em procedimentos de licita\u00e7\u00e3o e celebra\u00e7\u00e3o de contratos com o poder p\u00fablico ou terceiro setor.<br \/>\nPautado em experi\u00eancia e s\u00f3lido conhecimento sobre a legisla\u00e7\u00e3o que norteia o direito administrativo, o escrit\u00f3rio \u00e9 apto na presta\u00e7\u00e3o de servi\u00e7os com a celeridade desejada em quest\u00f5es desta natureza, seja na consultoria e assessoria ou proposi\u00e7\u00e3o de a\u00e7\u00f5es e acompanhamento de processos em n\u00edvel estadual, municipal ou federal.<\/p>\n<hr \/>\n<p>Telefone: (24) 2237-8963 |\u00a0Email: <a title=\"advocacia@sandraprata.com.br\" href=\"mailto:advocacia@sandraprata.com.br\">advocacia@sandraprata.com.br<\/a> | \u00a0|\u00a0<a title=\"Contatos\" href=\"https:\/\/sandraprata.com.br\/advogados\/contatos\/\">Contatos pelo site<\/a><\/p>\n<hr \/>\n","protected":false},"excerpt":{"rendered":"<p>O Escrit\u00f3rio de Advocacia Sandra Prata atua em processos em esferas administrativas ou judiciais referentes ao direito administrativo, com servi\u00e7os que abrangem assessoria , inclusive em procedimentos de licita\u00e7\u00e3o e <a class=\"more-link\" href=\"https:\/\/sandraprata.com.br\/advogados\/about\/administrativo\/\">Ler mais \u2192<\/a><\/p>\n","protected":false},"author":1,"featured_media":0,"parent":414,"menu_order":7,"comment_status":"closed","ping_status":"closed","template":"","meta":{"footnotes":""},"class_list":["post-35","page","type-page","status-publish","hentry"],"_links":{"self":[{"href":"https:\/\/sandraprata.com.br\/advogados\/wp-json\/wp\/v2\/pages\/35"}],"collection":[{"href":"https:\/\/sandraprata.com.br\/advogados\/wp-json\/wp\/v2\/pages"}],"about":[{"href":"https:\/\/sandraprata.com.br\/advogados\/wp-json\/wp\/v2\/types\/page"}],"author":[{"embeddable":true,"href":"https:\/\/sandraprata.com.br\/advogados\/wp-json\/wp\/v2\/users\/1"}],"replies":[{"embeddable":true,"href":"https:\/\/sandraprata.com.br\/advogados\/wp-json\/wp\/v2\/comments?post=35"}],"version-history":[{"count":3,"href":"https:\/\/sandraprata.com.br\/advogados\/wp-json\/wp\/v2\/pages\/35\/revisions"}],"predecessor-version":[{"id":547,"href":"https:\/\/sandraprata.com.br\/advogados\/wp-json\/wp\/v2\/pages\/35\/revisions\/547"}],"up":[{"embeddable":true,"href":"https:\/\/sandraprata.com.br\/advogados\/wp-json\/wp\/v2\/pages\/414"}],"wp:attachment":[{"href":"https:\/\/sandraprata.com.br\/advogados\/wp-json\/wp\/v2\/media?parent=35"}],"curies":[{"name":"wp","href":"https:\/\/api.w.org\/{rel}","templated":true}]}}