{"id":380,"date":"2014-09-09T18:50:21","date_gmt":"2014-09-09T18:50:21","guid":{"rendered":"http:\/\/sandraprata.com.br\/advocacia\/?page_id=380"},"modified":"2023-06-21T23:31:06","modified_gmt":"2023-06-21T23:31:06","slug":"corpo-juridico","status":"publish","type":"page","link":"https:\/\/sandraprata.com.br\/advogados\/corpo-juridico\/","title":{"rendered":"Corpo Jur\u00eddico"},"content":{"rendered":"<p><strong>Dra. Sandra Prata<\/strong><\/p>\n<p><span style=\"text-decoration: underline;\">Forma\u00e7\u00e3o acad\u00eamica<\/span> &#8211;\u00a0Bacharel em Direito pela Faculdade de Direito da Universidade Cat\u00f3lica de Petr\u00f3polis.<br \/>\nEx-membro do Conselho de \u00c9tica do CONSA\u00daDE :Conselho Municipal de Sa\u00fade da Cidade de Petr\u00f3polis\/RJ<br \/>\nEx-membro da Comiss\u00e3o de Aux\u00edlio judici\u00e1rio da Ordem dos Advogados do Brasil &#8211; Petr\u00f3polis.<br \/>\nVice-Presidente da APAPE: Associa\u00e7\u00e3o de Pais e Amigos de Pessoas Especiais da Cidade de Petr\u00f3polis &#8211; RJ.<\/p>\n<hr \/>\n<p><strong>Dr. Jo\u00e3o Carlos Sabbadini Junior<br \/>\n<\/strong>Formado em Direito pela Faculdade de Direito da Universidade Cat\u00f3lica de Petr\u00f3polis.<\/p>\n<hr \/>\n<p>Telefone: (24) 2237-8963 |\u00a0Email: <a title=\"advocacia@sandraprata.com.br\" href=\"mailto:advocacia@sandraprata.com.br\">advocacia@sandraprata.com.br<\/a> | \u00a0|\u00a0<a title=\"Contatos\" href=\"https:\/\/sandraprata.com.br\/advogados\/contatos\/\">Contatos pelo site<\/a><\/p>\n<hr \/>\n","protected":false},"excerpt":{"rendered":"<p>Dra. Sandra Prata Forma\u00e7\u00e3o acad\u00eamica &#8211;\u00a0Bacharel em Direito pela Faculdade de Direito da Universidade Cat\u00f3lica de Petr\u00f3polis. Ex-membro do Conselho de \u00c9tica do CONSA\u00daDE :Conselho Municipal de Sa\u00fade da Cidade <a class=\"more-link\" href=\"https:\/\/sandraprata.com.br\/advogados\/corpo-juridico\/\">Ler mais \u2192<\/a><\/p>\n","protected":false},"author":1,"featured_media":0,"parent":0,"menu_order":3,"comment_status":"closed","ping_status":"closed","template":"","meta":{"footnotes":""},"class_list":["post-380","page","type-page","status-publish","hentry"],"_links":{"self":[{"href":"https:\/\/sandraprata.com.br\/advogados\/wp-json\/wp\/v2\/pages\/380"}],"collection":[{"href":"https:\/\/sandraprata.com.br\/advogados\/wp-json\/wp\/v2\/pages"}],"about":[{"href":"https:\/\/sandraprata.com.br\/advogados\/wp-json\/wp\/v2\/types\/page"}],"author":[{"embeddable":true,"href":"https:\/\/sandraprata.com.br\/advogados\/wp-json\/wp\/v2\/users\/1"}],"replies":[{"embeddable":true,"href":"https:\/\/sandraprata.com.br\/advogados\/wp-json\/wp\/v2\/comments?post=380"}],"version-history":[{"count":6,"href":"https:\/\/sandraprata.com.br\/advogados\/wp-json\/wp\/v2\/pages\/380\/revisions"}],"predecessor-version":[{"id":554,"href":"https:\/\/sandraprata.com.br\/advogados\/wp-json\/wp\/v2\/pages\/380\/revisions\/554"}],"wp:attachment":[{"href":"https:\/\/sandraprata.com.br\/advogados\/wp-json\/wp\/v2\/media?parent=380"}],"curies":[{"name":"wp","href":"https:\/\/api.w.org\/{rel}","templated":true}]}}