{"id":414,"date":"2010-02-25T12:14:00","date_gmt":"2010-02-25T12:14:00","guid":{"rendered":"http:\/\/sandraprata.com.br\/advocacia\/?page_id=2"},"modified":"2019-12-03T13:31:35","modified_gmt":"2019-12-03T13:31:35","slug":"about","status":"publish","type":"page","link":"https:\/\/sandraprata.com.br\/advogados\/about\/","title":{"rendered":"Atua\u00e7\u00f5es"},"content":{"rendered":"<p><img loading=\"lazy\" decoding=\"async\" class=\"alignleft wp-image-539 size-medium\" src=\"https:\/\/sandraprata.com.br\/advogados\/wp-content\/uploads\/2019\/12\/image01-300x225.jpg\" alt=\"\" width=\"300\" height=\"225\" srcset=\"https:\/\/sandraprata.com.br\/advogados\/wp-content\/uploads\/2019\/12\/image01-300x225.jpg 300w, https:\/\/sandraprata.com.br\/advogados\/wp-content\/uploads\/2019\/12\/image01-768x576.jpg 768w, https:\/\/sandraprata.com.br\/advogados\/wp-content\/uploads\/2019\/12\/image01.jpg 800w\" sizes=\"(max-width: 300px) 100vw, 300px\" \/><\/p>\n<div>\n<p>Clique para conhecer as compet\u00eancias e atua\u00e7\u00f5es do Escrit\u00f3rio Sandra Prata em Direito:<\/p>\n<ul id=\"menu-atuacao\">\n<li id=\"menu-item-142\"><strong><a title=\"Civil\" href=\"https:\/\/sandraprata.com.br\/advogados\/about\/civil\/\">Direito Civil<\/a><\/strong><\/li>\n<li id=\"menu-item-135\"><strong><a href=\"https:\/\/sandraprata.com.br\/advogados\/about\/direito-de-familia\/\">Direito Fam\u00edlia<\/a><\/strong><\/li>\n<li id=\"menu-item-136\"><strong><a href=\"https:\/\/sandraprata.com.br\/advogados\/about\/direito-empresarial\/\">Direito Empresarial<\/a><\/strong><\/li>\n<li id=\"menu-item-139\"><strong><a href=\"https:\/\/sandraprata.com.br\/advogados\/about\/trabalhista\/\">Direito Trabalhista<\/a><\/strong><\/li>\n<li id=\"menu-item-137\"><strong><a href=\"https:\/\/sandraprata.com.br\/advogados\/about\/previdenciario\/\">Direito Previdenci\u00e1rio<\/a><\/strong><\/li>\n<li id=\"menu-item-138\"><strong><a href=\"https:\/\/sandraprata.com.br\/advogados\/about\/societario\/\">Direito Societ\u00e1rio<\/a><\/strong><\/li>\n<li id=\"menu-item-140\"><strong><a href=\"https:\/\/sandraprata.com.br\/advogados\/about\/administrativo\/\">Direito Administrativo<\/a><\/strong><\/li>\n<li id=\"menu-item-141\"><strong><a href=\"https:\/\/sandraprata.com.br\/advogados\/about\/tributario\/\">Direito Tribut\u00e1rio<\/a><\/strong><\/li>\n<\/ul>\n<\/div>\n<p>Telefone: (24) 2237-8963 |\u00a0Email: <a title=\"advocacia@sandraprata.com.br\" href=\"mailto:advocacia@sandraprata.com.br\">advocacia@sandraprata.com.br<\/a> | <a title=\"Contato\" href=\"http:\/\/sandraprata.com.br\/advocacia\/index.php\/contatos\/\">Formul\u00e1rio via site<\/a><\/p>\n","protected":false},"excerpt":{"rendered":"<p>Clique para conhecer as compet\u00eancias e atua\u00e7\u00f5es do Escrit\u00f3rio Sandra Prata em Direito: Direito Civil Direito Fam\u00edlia Direito Empresarial Direito Trabalhista Direito Previdenci\u00e1rio Direito Societ\u00e1rio Direito Administrativo Direito Tribut\u00e1rio Telefone: <a class=\"more-link\" href=\"https:\/\/sandraprata.com.br\/advogados\/about\/\">Ler mais \u2192<\/a><\/p>\n","protected":false},"author":1,"featured_media":0,"parent":0,"menu_order":0,"comment_status":"closed","ping_status":"closed","template":"","meta":{"footnotes":""},"class_list":["post-414","page","type-page","status-publish","hentry"],"_links":{"self":[{"href":"https:\/\/sandraprata.com.br\/advogados\/wp-json\/wp\/v2\/pages\/414"}],"collection":[{"href":"https:\/\/sandraprata.com.br\/advogados\/wp-json\/wp\/v2\/pages"}],"about":[{"href":"https:\/\/sandraprata.com.br\/advogados\/wp-json\/wp\/v2\/types\/page"}],"author":[{"embeddable":true,"href":"https:\/\/sandraprata.com.br\/advogados\/wp-json\/wp\/v2\/users\/1"}],"replies":[{"embeddable":true,"href":"https:\/\/sandraprata.com.br\/advogados\/wp-json\/wp\/v2\/comments?post=414"}],"version-history":[{"count":3,"href":"https:\/\/sandraprata.com.br\/advogados\/wp-json\/wp\/v2\/pages\/414\/revisions"}],"predecessor-version":[{"id":542,"href":"https:\/\/sandraprata.com.br\/advogados\/wp-json\/wp\/v2\/pages\/414\/revisions\/542"}],"wp:attachment":[{"href":"https:\/\/sandraprata.com.br\/advogados\/wp-json\/wp\/v2\/media?parent=414"}],"curies":[{"name":"wp","href":"https:\/\/api.w.org\/{rel}","templated":true}]}}