{"id":43,"date":"2013-02-28T10:48:01","date_gmt":"2013-02-28T10:48:01","guid":{"rendered":"http:\/\/sandraprata.com.br\/advocacia\/?page_id=43"},"modified":"2019-12-03T13:35:51","modified_gmt":"2019-12-03T13:35:51","slug":"societario","status":"publish","type":"page","link":"https:\/\/sandraprata.com.br\/advogados\/about\/societario\/","title":{"rendered":"Direito Societ\u00e1rio"},"content":{"rendered":"<p style=\"text-align: justify;\"><img loading=\"lazy\" decoding=\"async\" class=\"alignleft wp-image-539 size-thumbnail\" src=\"https:\/\/sandraprata.com.br\/advogados\/wp-content\/uploads\/2019\/12\/image01-150x150.jpg\" alt=\"\" width=\"150\" height=\"150\" \/>O Escrit\u00f3rio Sandra Prata Advocacia disponibiliza servi\u00e7os jur\u00eddicos e de consultoria espec\u00edfica que envolva o direito societ\u00e1rio, especialmente consultoria em constitui\u00e7\u00e3o, fus\u00e3o, incorpora\u00e7\u00e3o e dissolu\u00e7\u00e3o de sociedades.<br \/>\nNossa assessoria inclusive se d\u00e1 atrav\u00e9s de elabora\u00e7\u00e3o de reda\u00e7\u00e3o de contratos que primam por seguran\u00e7a das partes, amparados pela constitui\u00e7\u00e3o vigente que regula as rela\u00e7\u00f5es corporativas.<\/p>\n<hr \/>\n<p>Telefone: (24) 2237-8963 |\u00a0Email: <a title=\"advocacia@sandraprata.com.br\" href=\"mailto:advocacia@sandraprata.com.br\">advocacia@sandraprata.com.br<\/a> | \u00a0|\u00a0<a title=\"Contatos\" href=\"https:\/\/sandraprata.com.br\/advogados\/contatos\/\">Contatos pelo site<\/a><\/p>\n<hr \/>\n","protected":false},"excerpt":{"rendered":"<p>O Escrit\u00f3rio Sandra Prata Advocacia disponibiliza servi\u00e7os jur\u00eddicos e de consultoria espec\u00edfica que envolva o direito societ\u00e1rio, especialmente consultoria em constitui\u00e7\u00e3o, fus\u00e3o, incorpora\u00e7\u00e3o e dissolu\u00e7\u00e3o de sociedades. Nossa assessoria inclusive <a class=\"more-link\" href=\"https:\/\/sandraprata.com.br\/advogados\/about\/societario\/\">Ler mais \u2192<\/a><\/p>\n","protected":false},"author":1,"featured_media":0,"parent":414,"menu_order":8,"comment_status":"closed","ping_status":"closed","template":"","meta":{"footnotes":""},"class_list":["post-43","page","type-page","status-publish","hentry"],"_links":{"self":[{"href":"https:\/\/sandraprata.com.br\/advogados\/wp-json\/wp\/v2\/pages\/43"}],"collection":[{"href":"https:\/\/sandraprata.com.br\/advogados\/wp-json\/wp\/v2\/pages"}],"about":[{"href":"https:\/\/sandraprata.com.br\/advogados\/wp-json\/wp\/v2\/types\/page"}],"author":[{"embeddable":true,"href":"https:\/\/sandraprata.com.br\/advogados\/wp-json\/wp\/v2\/users\/1"}],"replies":[{"embeddable":true,"href":"https:\/\/sandraprata.com.br\/advogados\/wp-json\/wp\/v2\/comments?post=43"}],"version-history":[{"count":3,"href":"https:\/\/sandraprata.com.br\/advogados\/wp-json\/wp\/v2\/pages\/43\/revisions"}],"predecessor-version":[{"id":548,"href":"https:\/\/sandraprata.com.br\/advogados\/wp-json\/wp\/v2\/pages\/43\/revisions\/548"}],"up":[{"embeddable":true,"href":"https:\/\/sandraprata.com.br\/advogados\/wp-json\/wp\/v2\/pages\/414"}],"wp:attachment":[{"href":"https:\/\/sandraprata.com.br\/advogados\/wp-json\/wp\/v2\/media?parent=43"}],"curies":[{"name":"wp","href":"https:\/\/api.w.org\/{rel}","templated":true}]}}