{"id":48,"date":"2013-02-28T21:07:02","date_gmt":"2013-02-28T21:07:02","guid":{"rendered":"http:\/\/sandraprata.com.br\/advocacia\/?page_id=48"},"modified":"2019-12-03T13:36:33","modified_gmt":"2019-12-03T13:36:33","slug":"previdenciario","status":"publish","type":"page","link":"https:\/\/sandraprata.com.br\/advogados\/about\/previdenciario\/","title":{"rendered":"Direito Previdenci\u00e1rio"},"content":{"rendered":"<p style=\"text-align: justify;\"><img loading=\"lazy\" decoding=\"async\" class=\"alignleft wp-image-539 size-thumbnail\" src=\"https:\/\/sandraprata.com.br\/advogados\/wp-content\/uploads\/2019\/12\/image01-150x150.jpg\" alt=\"\" width=\"150\" height=\"150\" \/>Informa\u00e7\u00f5es atualizadas e reciclagem constante outorgam ao Escrit\u00f3rio de Advocacia Sandra Prata credenciais que o destacam na defesa e manuten\u00e7\u00e3o de direitos previdenci\u00e1rios adquiridos por contribuintes, atuando em tr\u00e2mites diversos sejam administrativa ou em esferas jur\u00eddicas, junto a Previd\u00eancia Social e demais \u00f3rg\u00e3os relacionados a seguridade social, fazendo valer as leis que asseguram ao trabalhador e aos seus dependentes, o amparo &#8211; permanente ou tempor\u00e1ria &#8211; em decorr\u00eancia de riscos e limite et\u00e1rio, na maioria das vezes representados por doen\u00e7as, pens\u00e3o por falecimento do contribuinte, aposentadoria por invalidez, velhice ou tempo de servi\u00e7o, culminando em abonos ou pec\u00falios.<\/p>\n<hr \/>\n<p>Telefone: (24) 2237-8963 |\u00a0Email: <a title=\"advocacia@sandraprata.com.br\" href=\"mailto:advocacia@sandraprata.com.br\">advocacia@sandraprata.com.br<\/a> | \u00a0|\u00a0<a title=\"Contatos\" href=\"https:\/\/sandraprata.com.br\/advogados\/contatos\/\">Contatos pelo site<\/a><\/p>\n<hr \/>\n","protected":false},"excerpt":{"rendered":"<p>Informa\u00e7\u00f5es atualizadas e reciclagem constante outorgam ao Escrit\u00f3rio de Advocacia Sandra Prata credenciais que o destacam na defesa e manuten\u00e7\u00e3o de direitos previdenci\u00e1rios adquiridos por contribuintes, atuando em tr\u00e2mites diversos <a class=\"more-link\" href=\"https:\/\/sandraprata.com.br\/advogados\/about\/previdenciario\/\">Ler mais \u2192<\/a><\/p>\n","protected":false},"author":1,"featured_media":0,"parent":414,"menu_order":12,"comment_status":"closed","ping_status":"closed","template":"","meta":{"footnotes":""},"class_list":["post-48","page","type-page","status-publish","hentry"],"_links":{"self":[{"href":"https:\/\/sandraprata.com.br\/advogados\/wp-json\/wp\/v2\/pages\/48"}],"collection":[{"href":"https:\/\/sandraprata.com.br\/advogados\/wp-json\/wp\/v2\/pages"}],"about":[{"href":"https:\/\/sandraprata.com.br\/advogados\/wp-json\/wp\/v2\/types\/page"}],"author":[{"embeddable":true,"href":"https:\/\/sandraprata.com.br\/advogados\/wp-json\/wp\/v2\/users\/1"}],"replies":[{"embeddable":true,"href":"https:\/\/sandraprata.com.br\/advogados\/wp-json\/wp\/v2\/comments?post=48"}],"version-history":[{"count":3,"href":"https:\/\/sandraprata.com.br\/advogados\/wp-json\/wp\/v2\/pages\/48\/revisions"}],"predecessor-version":[{"id":549,"href":"https:\/\/sandraprata.com.br\/advogados\/wp-json\/wp\/v2\/pages\/48\/revisions\/549"}],"up":[{"embeddable":true,"href":"https:\/\/sandraprata.com.br\/advogados\/wp-json\/wp\/v2\/pages\/414"}],"wp:attachment":[{"href":"https:\/\/sandraprata.com.br\/advogados\/wp-json\/wp\/v2\/media?parent=48"}],"curies":[{"name":"wp","href":"https:\/\/api.w.org\/{rel}","templated":true}]}}