{"id":510,"date":"2019-11-27T13:34:40","date_gmt":"2019-11-27T13:34:40","guid":{"rendered":"http:\/\/sandraprata.com.br\/advogados\/?page_id=510"},"modified":"2019-11-27T13:44:34","modified_gmt":"2019-11-27T13:44:34","slug":"advocacia-sandra-prata-em-petropolis","status":"publish","type":"page","link":"https:\/\/sandraprata.com.br\/advogados\/","title":{"rendered":"Advocacia Sandra Prata em Petr\u00f3polis"},"content":{"rendered":"\n<p>Atuando no meio jur\u00eddico desde 1997, a advogada\u00a0<a rel=\"noreferrer noopener\" href=\"mailto:advocacia@sandraprata.com.br\" target=\"_blank\"><strong>Sandra Prata<\/strong><\/a>\u00a0tem atua\u00e7\u00e3o reconhecida por reunir compet\u00eancia, experi\u00eancia e celeridade, disponibilizando esfor\u00e7os e recursos para o atendimento eficaz nas diversas \u00e1reas do direito em que atua, especialmente contemplando a\u00e7\u00f5es de Responsabilidade Civil, Direito Empresarial, Invent\u00e1rios, Sucess\u00f5es, Direito Trabalhista, Fam\u00edlia, Consumidor, Dano Moral e Material, Juizados, dentre outros.<\/p>\n\n\n\n<p>Um grande diferencial \u00e9 a advocacia preventiva, assessorando seus clientes atrav\u00e9s de a\u00e7\u00f5es simples e pontuais, visando evitar ou mesmo minimizar preju\u00edzos em futuras demandas judiciais, agregando atendimento personalizado a metodologias jur\u00eddicas constantemente atualizadas, objetivando assegurar a justi\u00e7a em suas mais diversas manifesta\u00e7\u00f5es.<br><\/p>\n","protected":false},"excerpt":{"rendered":"<p>Atuando no meio jur\u00eddico desde 1997, a advogada\u00a0Sandra Prata\u00a0tem atua\u00e7\u00e3o reconhecida por reunir compet\u00eancia, experi\u00eancia e celeridade, disponibilizando esfor\u00e7os e recursos para o atendimento eficaz nas diversas \u00e1reas do direito <a class=\"more-link\" href=\"https:\/\/sandraprata.com.br\/advogados\/\">Ler mais \u2192<\/a><\/p>\n","protected":false},"author":1,"featured_media":0,"parent":0,"menu_order":0,"comment_status":"closed","ping_status":"closed","template":"","meta":{"footnotes":""},"class_list":["post-510","page","type-page","status-publish","hentry"],"_links":{"self":[{"href":"https:\/\/sandraprata.com.br\/advogados\/wp-json\/wp\/v2\/pages\/510"}],"collection":[{"href":"https:\/\/sandraprata.com.br\/advogados\/wp-json\/wp\/v2\/pages"}],"about":[{"href":"https:\/\/sandraprata.com.br\/advogados\/wp-json\/wp\/v2\/types\/page"}],"author":[{"embeddable":true,"href":"https:\/\/sandraprata.com.br\/advogados\/wp-json\/wp\/v2\/users\/1"}],"replies":[{"embeddable":true,"href":"https:\/\/sandraprata.com.br\/advogados\/wp-json\/wp\/v2\/comments?post=510"}],"version-history":[{"count":2,"href":"https:\/\/sandraprata.com.br\/advogados\/wp-json\/wp\/v2\/pages\/510\/revisions"}],"predecessor-version":[{"id":514,"href":"https:\/\/sandraprata.com.br\/advogados\/wp-json\/wp\/v2\/pages\/510\/revisions\/514"}],"wp:attachment":[{"href":"https:\/\/sandraprata.com.br\/advogados\/wp-json\/wp\/v2\/media?parent=510"}],"curies":[{"name":"wp","href":"https:\/\/api.w.org\/{rel}","templated":true}]}}